{"id":1253,"date":"2023-12-28T11:31:37","date_gmt":"2023-12-28T11:31:37","guid":{"rendered":"https:\/\/olivergather.de\/?page_id=1253"},"modified":"2024-01-22T21:05:30","modified_gmt":"2024-01-22T21:05:30","slug":"publikationen","status":"publish","type":"page","link":"https:\/\/olivergather.de\/de\/publikationen\/","title":{"rendered":"Publikationen"},"content":{"rendered":"<p>&nbsp;<\/p>\n<p>Publikationen 2009 &#8211; 2024<\/p>\n<p><img loading=\"lazy\" decoding=\"async\" class=\"alignleft size-full wp-image-2337\" src=\"https:\/\/olivergather.de\/wp-content\/uploads\/2024\/01\/03-Hardcover-Book-Mockups-3-scaled.jpg\" alt=\"\" width=\"2560\" height=\"1707\" srcset=\"https:\/\/olivergather.de\/wp-content\/uploads\/2024\/01\/03-Hardcover-Book-Mockups-3-scaled.jpg 2560w, https:\/\/olivergather.de\/wp-content\/uploads\/2024\/01\/03-Hardcover-Book-Mockups-3-300x200.jpg 300w, https:\/\/olivergather.de\/wp-content\/uploads\/2024\/01\/03-Hardcover-Book-Mockups-3-1024x683.jpg 1024w, https:\/\/olivergather.de\/wp-content\/uploads\/2024\/01\/03-Hardcover-Book-Mockups-3-768x512.jpg 768w, https:\/\/olivergather.de\/wp-content\/uploads\/2024\/01\/03-Hardcover-Book-Mockups-3-1536x1024.jpg 1536w, https:\/\/olivergather.de\/wp-content\/uploads\/2024\/01\/03-Hardcover-Book-Mockups-3-2048x1365.jpg 2048w\" sizes=\"auto, (max-width: 2560px) 100vw, 2560px\" \/><\/p>\n<p>&nbsp;<\/p>\n<p>\n<strong>B\u00fccher \/ Kataloge:<\/strong><br \/>\n(2024): fire flies 2019\u20142023. (mit Frauke Berg und Thomas Klein). <br \/>\nD\u00fcsseldorf: Malkastenpark<br \/>\n(2023): sounds for a wounded landscape. Activities on the ground. (mit Frauke Berg). D\u00fcsseldorf: Hallraum.<br \/>\n(2017): Topiary Land \u2013 Buchsbaumanalyse auf der Barbarastra\u00dfe. <br \/>\nD\u00fcsseldorf: Hallraum. <br \/>\n(2017, Hrsg.): Die 24 au\u00dfergew\u00f6hnlichsten Pflanzen des Universums. Ein Bestimmungsbuch f\u00fcr kleine Profis. D\u00fcsseldorf: St\u00e4dtische Montessori-Grundschule.<br \/>\n(2016): wohnen abschreiten sortieren. Wuppertal: Neuer Kunstverein Wuppertal.<br \/>\n(2015): Selbst \u2013 Untersuchungen vor dem Baumarkt. Dortmund: Kettler<br \/>\n<strong>Schallplatte:<\/strong> <br \/>\n(2021): Tempus Fugit. Hrsg. Raumkl\u00e4nge Plulheim und Hallraum <br \/>\n<strong>Zeitschriftenartikel und Buchbeitr\u00e4ge:<\/strong><br \/>\n(2018): Tempus fugit (S.48-53). \u2013 In: Di\u00f6zesan-Caritasverband (Hrsg): Fluchten. <br \/>\nK\u00f6ln: Eigenverlag.<br \/>\n(2015): Christian Hasucha, Susanne Kudielka und Kaspar Wimberly, J\u00f6rg Steinmann. \u2013 In: 5X3 2015. Hrsg: Landeshauptstadt D\u00fcsseldorf, Kunstraum.<br \/>\n(2017): Mittendrin \u2013 Pfelders irgendwo \u00fcberall auf dem Worringer Platz. S.30-37. \u2013 In: Pfelder. Inseln \u2013 Kunst im und f\u00fcr den \u00f6ffentlichen Raum. Frankfurt am Main: Bruno Dorn Verlag.<br \/>\n(2016): Groteske Architektur (S. 78-84) mit Heinrich Weid). \u2013 In: Erik Lanz &amp; Matthias Winzen (Hrsg.): Grtsk. Publikation zur Ausstellungsreihe Grotesk. Saarbr\u00fccken: Hochschule der bildenden K\u00fcnste Saar.<\/p>\n<p>&nbsp;<\/p>\n<p><strong>Zeitschriften-, Katalog- und Buchbeitr\u00e4ge zu Projekten<\/strong><\/p>\n<p><img loading=\"lazy\" decoding=\"async\" class=\"alignleft size-full wp-image-1836\" src=\"https:\/\/olivergather.de\/wp-content\/uploads\/2009\/12\/Plan09-scaled.jpg\" alt=\"\" width=\"2560\" height=\"1740\" srcset=\"https:\/\/olivergather.de\/wp-content\/uploads\/2009\/12\/Plan09-scaled.jpg 2560w, https:\/\/olivergather.de\/wp-content\/uploads\/2009\/12\/Plan09-300x204.jpg 300w, https:\/\/olivergather.de\/wp-content\/uploads\/2009\/12\/Plan09-1024x696.jpg 1024w, https:\/\/olivergather.de\/wp-content\/uploads\/2009\/12\/Plan09-768x522.jpg 768w, https:\/\/olivergather.de\/wp-content\/uploads\/2009\/12\/Plan09-1536x1044.jpg 1536w, https:\/\/olivergather.de\/wp-content\/uploads\/2009\/12\/Plan09-2048x1392.jpg 2048w\" sizes=\"auto, (max-width: 2560px) 100vw, 2560px\" \/><\/p>\n<p>\u00a0<br \/>\n(2023): Fire Flies. Lichtkunst geerdet. (S. 38). \u2013 In: Ingrid Misterek-Plagge. Erdung. Geldern: Kulturraum Niederrhein. <br \/>\n(2022): Ann-Katrin G\u00fcnzel. Der Blick auf die Welt oder: Der lange Weg durch die Landschaft (S. 80-81). \u2013 In: Kunstforum International (Bd. 284): Arkadien in der Krise. K\u00f6ln: TZ-Verlag.<br \/>\n(2022): Oliver Gather. Der Schmuckeremit im Edelsteingarten. \u2013 In: Kunsthaus NRW gGmbh (Hrsg.): Kunstmentorat NRW. Aachen-Kornelim\u00fcnster: Eigenverlag.<br \/>\n(2022): Oliver Gather. Heim Suchen. \u2013 In: (Hrsg.): 39. Kasseler Dokumentar- und Videofest. Kassel: Filmladen Kassel<br \/>\n(2021): Hochstand (S. 31-35). \u2013 In: Emmanuel Walderdorff: Change! Eine k\u00fcnstlerische Trilogie \u00fcber Natur im Wandel. Molsberg: Eigenverlag.<br \/>\n(2022): Gesucht: Schmuckeremit im Edelsteingarten (S. 19) \u2013 In: Kunstforum International (Bd. 282). K\u00f6ln: TZ-Verlag.<br \/>\n(2020): Ann-Katrin G\u00fcnzel. Asap \u2013 Mit H\u00f6chstgeschwindigkeit in die Zukunft (S. 58-61). In: Kunstforum International (Bd. 267): \u201epost-futuristisch. Kunst in dystopischen Zeiten\u201c. K\u00f6ln: TZ-Verlag.<br \/>\n(2020): Kacheln \/ Tiles (S. 182-187) \u2013 In: Stefanie Klingemann und Frank B\u00f6lter (Hrsg.): 10qm. Ein Kunstprojekt im \u00f6ffentlichen Raum. Hannover: Klartext.<br \/>\n(2020): Ann Seebach: Oliver Gather. Selbst. 2014. \u2013 In: Kreis Steinfurt, Kunsthaus Kloster Gravenhorst (Hrsg.): Gebrauchsanleitung f\u00fcr das Klostergr\u00fcn. Skulpturen im Aussenraum. H\u00f6rstel: Eigenverlag. (2018): Sruti Bala. Delicate gestures of participation (S.115-135) \u2013 In: The gestures of participatory art. Manchester University Press.<br \/>\n(2018): Oliver Gather. Interview mit Stefanie Klingemann und Vivien Grabowski, In: Stefanie Klingemann (Hrsg.): Moff 17. K\u00fcnstlerinnen im Gespr\u00e4ch. K\u00f6ln: Moff-Magazin.<br \/>\n(2017): Selbst. (S.26-32) \u2013 In: Hochschule der bildenden K\u00fcnste Saar (Hrsg.): Lampe Leiter. Saarbr\u00fccken: HBKsaar.<br \/>\n(2015): Hadestour. Eine Schiffsfahrt zu den letzten Dingen Bremerhaven: Stadttheater (mit Stefan Nolte) <br \/>\n(2011): Stefanie Spindler: Oliver Gather. Dilly Daily Dishes (S.158-159.) \u2013 In: Agnes Nedregard (Hrsg.): Never or Now Performance Festival. Bergen, NO : Eigenverlag.<br \/>\n(2010): Oliver Gather, Rebekka Reich. Zelten, wo andere wohnen. Oliver Gather. Rekultivierung (Pride of Creation) (S.29, 38). In: Susanne Fasbender (Hsrg): Kunstfilmtag: 10 Unsch\u00e4rfen des Dokumentarischen. D\u00fcsseldorf: Eigenverlag.<br \/>\n(2009): Kay von Keitz: Nomad City Passage K\u00f6ln. Expeditionen in die eigene Stadt. In: Kay von Keitz, Sabine Voggenreiter (Hrsg.): plan 09. Forum aktueller Architektur. K\u00f6ln: plan project. <br \/>\n(2009): Peter Arlt: Nomad City Passage. Gespr\u00e4ch mit Rebekka Reich und Oliver Gather (S.138-141, S. 236-239) &#8211; In: Festival der Regionen (Hrsg.): Normalzustand. Festival der Regionen Ottensheim, AT: Festival der Regionen.<\/p>\n<p>&nbsp;<\/p>\n","protected":false},"excerpt":{"rendered":"<p>&nbsp; Publikationen 2009 &#8211; 2024 &nbsp; B\u00fccher \/ Kataloge: (2024): fire flies 2019\u20142023. (mit Frauke Berg und Thomas Klein). D\u00fcsseldorf: Malkastenpark (2023): sounds for a wounded landscape. Activities on the ground. (mit Frauke Berg). D\u00fcsseldorf: Hallraum. (2017): Topiary Land \u2013 Buchsbaumanalyse auf der Barbarastra\u00dfe. D\u00fcsseldorf: Hallraum. (2017, Hrsg.): Die 24 au\u00dfergew\u00f6hnlichsten Pflanzen des Universums. Ein [&hellip;]<\/p>\n","protected":false},"author":6,"featured_media":0,"parent":0,"menu_order":6,"comment_status":"closed","ping_status":"closed","template":"","meta":{"_acf_changed":false,"footnotes":""},"class_list":["post-1253","page","type-page","status-publish","hentry"],"acf":[],"_links":{"self":[{"href":"https:\/\/olivergather.de\/de\/wp-json\/wp\/v2\/pages\/1253","targetHints":{"allow":["GET"]}}],"collection":[{"href":"https:\/\/olivergather.de\/de\/wp-json\/wp\/v2\/pages"}],"about":[{"href":"https:\/\/olivergather.de\/de\/wp-json\/wp\/v2\/types\/page"}],"author":[{"embeddable":true,"href":"https:\/\/olivergather.de\/de\/wp-json\/wp\/v2\/users\/6"}],"replies":[{"embeddable":true,"href":"https:\/\/olivergather.de\/de\/wp-json\/wp\/v2\/comments?post=1253"}],"version-history":[{"count":18,"href":"https:\/\/olivergather.de\/de\/wp-json\/wp\/v2\/pages\/1253\/revisions"}],"predecessor-version":[{"id":2465,"href":"https:\/\/olivergather.de\/de\/wp-json\/wp\/v2\/pages\/1253\/revisions\/2465"}],"wp:attachment":[{"href":"https:\/\/olivergather.de\/de\/wp-json\/wp\/v2\/media?parent=1253"}],"curies":[{"name":"wp","href":"https:\/\/api.w.org\/{rel}","templated":true}]}}