{"id":86,"date":"2022-01-27T12:42:45","date_gmt":"2022-01-27T12:42:45","guid":{"rendered":"https:\/\/olivergather.de\/?page_id=86"},"modified":"2024-01-09T12:39:53","modified_gmt":"2024-01-09T12:39:53","slug":"impressum","status":"publish","type":"page","link":"https:\/\/olivergather.de\/de\/impressum\/","title":{"rendered":"Impressum"},"content":{"rendered":"<p>Oliver Gather<\/p>\n<p>&nbsp;<\/p>\n<p>Mindener Stra\u00dfe 29a<br \/>\nD-40227 D\u00fcsseldorf<br \/>\nT +49(0)211 5478113<\/p>\n<p><a href=\"mailto:o.gather@gmx.de\">o.gather@gmx.de<\/a><\/p>\n<p>&nbsp;<\/p>\n<p>Abbildungen und Texte auf dieser Webseite unterliegen dem Urheberrecht.<br \/>\nSie d\u00fcrfen ohne vorherige Zustimmung insbesondere nicht vervielf\u00e4ltigt, verbreitet, \u00f6ffentlich zug\u00e4nglich gemacht oder bearbeitet werden.<\/p>\n<p>&nbsp;<\/p>\n<p>concept, design, code: <br \/>\n<a href=\"https:\/\/www.chewingthesun.com\/\">chewing the sun<\/a><\/p>\n","protected":false},"excerpt":{"rendered":"<p>Oliver Gather &nbsp; Mindener Stra\u00dfe 29a D-40227 D\u00fcsseldorf T +49(0)211 5478113 o.gather@gmx.de &nbsp; Abbildungen und Texte auf dieser Webseite unterliegen dem Urheberrecht. Sie d\u00fcrfen ohne vorherige Zustimmung insbesondere nicht vervielf\u00e4ltigt, verbreitet, \u00f6ffentlich zug\u00e4nglich gemacht oder bearbeitet werden. &nbsp; concept, design, code: chewing the sun<\/p>\n","protected":false},"author":1,"featured_media":0,"parent":0,"menu_order":3,"comment_status":"closed","ping_status":"closed","template":"impressum-u-datenschutz-template.php","meta":{"_acf_changed":false,"footnotes":""},"class_list":["post-86","page","type-page","status-publish","hentry"],"acf":[],"_links":{"self":[{"href":"https:\/\/olivergather.de\/de\/wp-json\/wp\/v2\/pages\/86","targetHints":{"allow":["GET"]}}],"collection":[{"href":"https:\/\/olivergather.de\/de\/wp-json\/wp\/v2\/pages"}],"about":[{"href":"https:\/\/olivergather.de\/de\/wp-json\/wp\/v2\/types\/page"}],"author":[{"embeddable":true,"href":"https:\/\/olivergather.de\/de\/wp-json\/wp\/v2\/users\/1"}],"replies":[{"embeddable":true,"href":"https:\/\/olivergather.de\/de\/wp-json\/wp\/v2\/comments?post=86"}],"version-history":[{"count":4,"href":"https:\/\/olivergather.de\/de\/wp-json\/wp\/v2\/pages\/86\/revisions"}],"predecessor-version":[{"id":2171,"href":"https:\/\/olivergather.de\/de\/wp-json\/wp\/v2\/pages\/86\/revisions\/2171"}],"wp:attachment":[{"href":"https:\/\/olivergather.de\/de\/wp-json\/wp\/v2\/media?parent=86"}],"curies":[{"name":"wp","href":"https:\/\/api.w.org\/{rel}","templated":true}]}}